{"id":3911,"date":"2025-10-08T12:36:17","date_gmt":"2025-10-08T10:36:17","guid":{"rendered":"https:\/\/novitime.de\/arbeitgeber\/?page_id=3911"},"modified":"2025-10-08T13:25:57","modified_gmt":"2025-10-08T11:25:57","slug":"impressum","status":"publish","type":"page","link":"https:\/\/novitime.de\/arbeitgeber\/impressum\/","title":{"rendered":"Impressum"},"content":{"rendered":"\t\t<div data-elementor-type=\"wp-page\" data-elementor-id=\"3911\" class=\"elementor elementor-3911\" data-elementor-post-type=\"page\">\n\t\t\t\t<div class=\"elementor-element elementor-element-cb3b7f0 e-flex e-con-boxed e-con e-parent\" data-id=\"cb3b7f0\" data-element_type=\"container\">\n\t\t\t\t\t<div class=\"e-con-inner\">\n\t\t\t\t<div class=\"elementor-element elementor-element-b2cdead elementor-widget elementor-widget-erecht24\" data-id=\"b2cdead\" data-element_type=\"widget\" data-widget_type=\"erecht24.default\">\n\t\t\t\t<div class=\"elementor-widget-container\">\n\t\t\t\t\t<div class=\"erecht24-elementor-widget\"><div style=\"word-wrap: break-word;\"><h1>Impressum<\/h1>\n\n<p>Noviwork GmbH<br \/>\nOderstra&szlig;e 46<br \/>\n31582 Nienburg\/Weser<\/p>\n\n<p>Handelsregister: HRB 212306<br \/>\nRegistergericht: Amtsgericht Walsrode<\/p>\n\n<p><strong>Vertreten durch:<\/strong><br \/>\nLeonore Kirchmeier<\/p>\n\n<h2>Kontakt<\/h2>\n<p>Telefon: 05021 843030<br \/>\nE-Mail: info@noviwork.de<\/p>\n\n<h2>Umsatzsteuer-ID<\/h2>\n<p>Umsatzsteuer-Identifikationsnummer gem&auml;&szlig; &sect; 27 a Umsatzsteuergesetz:<br \/>\nDE124600954<\/p>\n\n<h2>Verbraucher&shy;streit&shy;beilegung\/Universal&shy;schlichtungs&shy;stelle<\/h2>\n<p>Wir sind nicht bereit oder verpflichtet, an Streitbeilegungsverfahren vor einer Verbraucherschlichtungsstelle teilzunehmen.<\/p><\/div><\/div>\t\t\t\t<\/div>\n\t\t\t\t<\/div>\n\t\t\t\t\t<\/div>\n\t\t\t\t<\/div>\n\t\t<div class=\"elementor-element elementor-element-e96f811 e-flex e-con-boxed e-con e-parent\" data-id=\"e96f811\" data-element_type=\"container\">\n\t\t\t\t\t<div class=\"e-con-inner\">\n\t\t\t\t<div class=\"elementor-element elementor-element-569482d elementor-widget elementor-widget-text-editor\" data-id=\"569482d\" data-element_type=\"widget\" data-widget_type=\"text-editor.default\">\n\t\t\t\t<div class=\"elementor-widget-container\">\n\t\t\t\t\t\t\t\t\t<p>Novitime ist eine Marke der <img decoding=\"async\" style=\"height: 30px;\" src=\"https:\/\/novitime.de\/bewerber\/wp-content\/uploads\/sites\/2\/2025\/01\/NovIWork_Logo_ohne_luecke.png\" alt=\"NoviWork\" \/> <a href=\"https:\/\/www.noviwork.de\">Noviwork GmbH<\/a> Weitere Marke: <img decoding=\"async\" style=\"height: 30px;\" src=\"https:\/\/novitime.de\/bewerber\/wp-content\/uploads\/sites\/2\/2025\/01\/RECRUTARIO_Logo_RGB_Blau_vektor.png\" alt=\"Recrutario\" \/> <a href=\"https:\/\/www.recrutario.de\">Recrutario<\/a><\/p>\t\t\t\t\t\t\t\t<\/div>\n\t\t\t\t<\/div>\n\t\t\t\t\t<\/div>\n\t\t\t\t<\/div>\n\t\t\t\t<\/div>\n\t\t","protected":false},"excerpt":{"rendered":"<p>Impressum Noviwork GmbH Oderstra&szlig;e 46 31582 Nienburg\/Weser Handelsregister: HRB 212306 Registergericht: Amtsgericht Walsrode Vertreten durch: Leonore Kirchmeier Kontakt Telefon: 05021 843030 E-Mail: info@noviwork.de Umsatzsteuer-ID Umsatzsteuer-Identifikationsnummer gem&auml;&szlig; &sect; 27 a Umsatzsteuergesetz: DE124600954 Verbraucher&shy;streit&shy;beilegung\/Universal&shy;schlichtungs&shy;stelle Wir sind nicht bereit oder verpflichtet, an Streitbeilegungsverfahren vor einer Verbraucherschlichtungsstelle teilzunehmen. Novitime ist eine Marke der Noviwork GmbH Weitere Marke: Recrutario<\/p>\n","protected":false},"author":3,"featured_media":0,"parent":0,"menu_order":0,"comment_status":"closed","ping_status":"closed","template":"","meta":{"footnotes":""},"class_list":["post-3911","page","type-page","status-publish","hentry"],"yoast_head":"<!-- This site is optimized with the Yoast SEO plugin v26.5 - https:\/\/yoast.com\/wordpress\/plugins\/seo\/ -->\n<title>Impressum - Novitime f\u00fcr Arbeitgeber<\/title>\n<meta name=\"robots\" content=\"index, follow, max-snippet:-1, max-image-preview:large, max-video-preview:-1\" \/>\n<link rel=\"canonical\" href=\"https:\/\/novitime.de\/arbeitgeber\/impressum\/\" \/>\n<meta property=\"og:locale\" content=\"de_DE\" \/>\n<meta property=\"og:type\" content=\"article\" \/>\n<meta property=\"og:title\" content=\"Impressum - Novitime f\u00fcr Arbeitgeber\" \/>\n<meta property=\"og:description\" content=\"Impressum Noviwork GmbH Oderstra&szlig;e 46 31582 Nienburg\/Weser Handelsregister: HRB 212306 Registergericht: Amtsgericht Walsrode Vertreten durch: Leonore Kirchmeier Kontakt Telefon: 05021 843030 E-Mail: info@noviwork.de Umsatzsteuer-ID Umsatzsteuer-Identifikationsnummer gem&auml;&szlig; &sect; 27 a Umsatzsteuergesetz: DE124600954 Verbraucher&shy;streit&shy;beilegung\/Universal&shy;schlichtungs&shy;stelle Wir sind nicht bereit oder verpflichtet, an Streitbeilegungsverfahren vor einer Verbraucherschlichtungsstelle teilzunehmen. Novitime ist eine Marke der Noviwork GmbH Weitere Marke: Recrutario\" \/>\n<meta property=\"og:url\" content=\"https:\/\/novitime.de\/arbeitgeber\/impressum\/\" \/>\n<meta property=\"og:site_name\" content=\"Novitime f\u00fcr Arbeitgeber\" \/>\n<meta property=\"article:modified_time\" content=\"2025-10-08T11:25:57+00:00\" \/>\n<meta property=\"og:image\" content=\"https:\/\/novitime.de\/bewerber\/wp-content\/uploads\/sites\/2\/2025\/01\/NovIWork_Logo_ohne_luecke.png\" \/>\n<meta name=\"twitter:card\" content=\"summary_large_image\" \/>\n<meta name=\"twitter:label1\" content=\"Gesch\u00e4tzte Lesezeit\" \/>\n\t<meta name=\"twitter:data1\" content=\"1\u00a0Minute\" \/>\n<script type=\"application\/ld+json\" class=\"yoast-schema-graph\">{\"@context\":\"https:\/\/schema.org\",\"@graph\":[{\"@type\":\"WebPage\",\"@id\":\"https:\/\/novitime.de\/arbeitgeber\/impressum\/\",\"url\":\"https:\/\/novitime.de\/arbeitgeber\/impressum\/\",\"name\":\"Impressum - Novitime f\u00fcr Arbeitgeber\",\"isPartOf\":{\"@id\":\"https:\/\/novitime.de\/arbeitgeber\/#website\"},\"primaryImageOfPage\":{\"@id\":\"https:\/\/novitime.de\/arbeitgeber\/impressum\/#primaryimage\"},\"image\":{\"@id\":\"https:\/\/novitime.de\/arbeitgeber\/impressum\/#primaryimage\"},\"thumbnailUrl\":\"https:\/\/novitime.de\/bewerber\/wp-content\/uploads\/sites\/2\/2025\/01\/NovIWork_Logo_ohne_luecke.png\",\"datePublished\":\"2025-10-08T10:36:17+00:00\",\"dateModified\":\"2025-10-08T11:25:57+00:00\",\"breadcrumb\":{\"@id\":\"https:\/\/novitime.de\/arbeitgeber\/impressum\/#breadcrumb\"},\"inLanguage\":\"de\",\"potentialAction\":[{\"@type\":\"ReadAction\",\"target\":[\"https:\/\/novitime.de\/arbeitgeber\/impressum\/\"]}]},{\"@type\":\"ImageObject\",\"inLanguage\":\"de\",\"@id\":\"https:\/\/novitime.de\/arbeitgeber\/impressum\/#primaryimage\",\"url\":\"https:\/\/novitime.de\/bewerber\/wp-content\/uploads\/sites\/2\/2025\/01\/NovIWork_Logo_ohne_luecke.png\",\"contentUrl\":\"https:\/\/novitime.de\/bewerber\/wp-content\/uploads\/sites\/2\/2025\/01\/NovIWork_Logo_ohne_luecke.png\"},{\"@type\":\"BreadcrumbList\",\"@id\":\"https:\/\/novitime.de\/arbeitgeber\/impressum\/#breadcrumb\",\"itemListElement\":[{\"@type\":\"ListItem\",\"position\":1,\"name\":\"Startseite\",\"item\":\"https:\/\/novitime.de\/arbeitgeber\/\"},{\"@type\":\"ListItem\",\"position\":2,\"name\":\"Impressum\"}]},{\"@type\":\"WebSite\",\"@id\":\"https:\/\/novitime.de\/arbeitgeber\/#website\",\"url\":\"https:\/\/novitime.de\/arbeitgeber\/\",\"name\":\"Novitime f\u00fcr Arbeitgeber\",\"description\":\"Ihr zuverl\u00e4ssiger Partner f\u00fcr Zeitarbeit\",\"publisher\":{\"@id\":\"https:\/\/novitime.de\/arbeitgeber\/#organization\"},\"potentialAction\":[{\"@type\":\"SearchAction\",\"target\":{\"@type\":\"EntryPoint\",\"urlTemplate\":\"https:\/\/novitime.de\/arbeitgeber\/?s={search_term_string}\"},\"query-input\":{\"@type\":\"PropertyValueSpecification\",\"valueRequired\":true,\"valueName\":\"search_term_string\"}}],\"inLanguage\":\"de\"},{\"@type\":\"Organization\",\"@id\":\"https:\/\/novitime.de\/arbeitgeber\/#organization\",\"name\":\"Novitime f\u00fcr Arbeitgeber\",\"url\":\"https:\/\/novitime.de\/arbeitgeber\/\",\"logo\":{\"@type\":\"ImageObject\",\"inLanguage\":\"de\",\"@id\":\"https:\/\/novitime.de\/arbeitgeber\/#\/schema\/logo\/image\/\",\"url\":\"https:\/\/novitime.de\/arbeitgeber\/wp-content\/uploads\/sites\/3\/2025\/01\/Gruppe-5.svg\",\"contentUrl\":\"https:\/\/novitime.de\/arbeitgeber\/wp-content\/uploads\/sites\/3\/2025\/01\/Gruppe-5.svg\",\"width\":99,\"height\":63,\"caption\":\"Novitime f\u00fcr Arbeitgeber\"},\"image\":{\"@id\":\"https:\/\/novitime.de\/arbeitgeber\/#\/schema\/logo\/image\/\"}}]}<\/script>\n<!-- \/ Yoast SEO plugin. -->","yoast_head_json":{"title":"Impressum - Novitime f\u00fcr Arbeitgeber","robots":{"index":"index","follow":"follow","max-snippet":"max-snippet:-1","max-image-preview":"max-image-preview:large","max-video-preview":"max-video-preview:-1"},"canonical":"https:\/\/novitime.de\/arbeitgeber\/impressum\/","og_locale":"de_DE","og_type":"article","og_title":"Impressum - Novitime f\u00fcr Arbeitgeber","og_description":"Impressum Noviwork GmbH Oderstra&szlig;e 46 31582 Nienburg\/Weser Handelsregister: HRB 212306 Registergericht: Amtsgericht Walsrode Vertreten durch: Leonore Kirchmeier Kontakt Telefon: 05021 843030 E-Mail: info@noviwork.de Umsatzsteuer-ID Umsatzsteuer-Identifikationsnummer gem&auml;&szlig; &sect; 27 a Umsatzsteuergesetz: DE124600954 Verbraucher&shy;streit&shy;beilegung\/Universal&shy;schlichtungs&shy;stelle Wir sind nicht bereit oder verpflichtet, an Streitbeilegungsverfahren vor einer Verbraucherschlichtungsstelle teilzunehmen. Novitime ist eine Marke der Noviwork GmbH Weitere Marke: Recrutario","og_url":"https:\/\/novitime.de\/arbeitgeber\/impressum\/","og_site_name":"Novitime f\u00fcr Arbeitgeber","article_modified_time":"2025-10-08T11:25:57+00:00","og_image":[{"url":"https:\/\/novitime.de\/bewerber\/wp-content\/uploads\/sites\/2\/2025\/01\/NovIWork_Logo_ohne_luecke.png","type":"","width":"","height":""}],"twitter_card":"summary_large_image","twitter_misc":{"Gesch\u00e4tzte Lesezeit":"1\u00a0Minute"},"schema":{"@context":"https:\/\/schema.org","@graph":[{"@type":"WebPage","@id":"https:\/\/novitime.de\/arbeitgeber\/impressum\/","url":"https:\/\/novitime.de\/arbeitgeber\/impressum\/","name":"Impressum - Novitime f\u00fcr Arbeitgeber","isPartOf":{"@id":"https:\/\/novitime.de\/arbeitgeber\/#website"},"primaryImageOfPage":{"@id":"https:\/\/novitime.de\/arbeitgeber\/impressum\/#primaryimage"},"image":{"@id":"https:\/\/novitime.de\/arbeitgeber\/impressum\/#primaryimage"},"thumbnailUrl":"https:\/\/novitime.de\/bewerber\/wp-content\/uploads\/sites\/2\/2025\/01\/NovIWork_Logo_ohne_luecke.png","datePublished":"2025-10-08T10:36:17+00:00","dateModified":"2025-10-08T11:25:57+00:00","breadcrumb":{"@id":"https:\/\/novitime.de\/arbeitgeber\/impressum\/#breadcrumb"},"inLanguage":"de","potentialAction":[{"@type":"ReadAction","target":["https:\/\/novitime.de\/arbeitgeber\/impressum\/"]}]},{"@type":"ImageObject","inLanguage":"de","@id":"https:\/\/novitime.de\/arbeitgeber\/impressum\/#primaryimage","url":"https:\/\/novitime.de\/bewerber\/wp-content\/uploads\/sites\/2\/2025\/01\/NovIWork_Logo_ohne_luecke.png","contentUrl":"https:\/\/novitime.de\/bewerber\/wp-content\/uploads\/sites\/2\/2025\/01\/NovIWork_Logo_ohne_luecke.png"},{"@type":"BreadcrumbList","@id":"https:\/\/novitime.de\/arbeitgeber\/impressum\/#breadcrumb","itemListElement":[{"@type":"ListItem","position":1,"name":"Startseite","item":"https:\/\/novitime.de\/arbeitgeber\/"},{"@type":"ListItem","position":2,"name":"Impressum"}]},{"@type":"WebSite","@id":"https:\/\/novitime.de\/arbeitgeber\/#website","url":"https:\/\/novitime.de\/arbeitgeber\/","name":"Novitime f\u00fcr Arbeitgeber","description":"Ihr zuverl\u00e4ssiger Partner f\u00fcr Zeitarbeit","publisher":{"@id":"https:\/\/novitime.de\/arbeitgeber\/#organization"},"potentialAction":[{"@type":"SearchAction","target":{"@type":"EntryPoint","urlTemplate":"https:\/\/novitime.de\/arbeitgeber\/?s={search_term_string}"},"query-input":{"@type":"PropertyValueSpecification","valueRequired":true,"valueName":"search_term_string"}}],"inLanguage":"de"},{"@type":"Organization","@id":"https:\/\/novitime.de\/arbeitgeber\/#organization","name":"Novitime f\u00fcr Arbeitgeber","url":"https:\/\/novitime.de\/arbeitgeber\/","logo":{"@type":"ImageObject","inLanguage":"de","@id":"https:\/\/novitime.de\/arbeitgeber\/#\/schema\/logo\/image\/","url":"https:\/\/novitime.de\/arbeitgeber\/wp-content\/uploads\/sites\/3\/2025\/01\/Gruppe-5.svg","contentUrl":"https:\/\/novitime.de\/arbeitgeber\/wp-content\/uploads\/sites\/3\/2025\/01\/Gruppe-5.svg","width":99,"height":63,"caption":"Novitime f\u00fcr Arbeitgeber"},"image":{"@id":"https:\/\/novitime.de\/arbeitgeber\/#\/schema\/logo\/image\/"}}]}},"_links":{"self":[{"href":"https:\/\/novitime.de\/arbeitgeber\/wp-json\/wp\/v2\/pages\/3911","targetHints":{"allow":["GET"]}}],"collection":[{"href":"https:\/\/novitime.de\/arbeitgeber\/wp-json\/wp\/v2\/pages"}],"about":[{"href":"https:\/\/novitime.de\/arbeitgeber\/wp-json\/wp\/v2\/types\/page"}],"author":[{"embeddable":true,"href":"https:\/\/novitime.de\/arbeitgeber\/wp-json\/wp\/v2\/users\/3"}],"replies":[{"embeddable":true,"href":"https:\/\/novitime.de\/arbeitgeber\/wp-json\/wp\/v2\/comments?post=3911"}],"version-history":[{"count":7,"href":"https:\/\/novitime.de\/arbeitgeber\/wp-json\/wp\/v2\/pages\/3911\/revisions"}],"predecessor-version":[{"id":3921,"href":"https:\/\/novitime.de\/arbeitgeber\/wp-json\/wp\/v2\/pages\/3911\/revisions\/3921"}],"wp:attachment":[{"href":"https:\/\/novitime.de\/arbeitgeber\/wp-json\/wp\/v2\/media?parent=3911"}],"curies":[{"name":"wp","href":"https:\/\/api.w.org\/{rel}","templated":true}]}}